{"id":2025,"date":"2024-01-29T16:12:36","date_gmt":"2024-01-29T15:12:36","guid":{"rendered":"https:\/\/www.cmf-groupe.com\/savoir-faire\/"},"modified":"2026-05-04T21:44:14","modified_gmt":"2026-05-04T19:44:14","slug":"expertise","status":"publish","type":"page","link":"https:\/\/www.cmf-groupe.com\/en\/expertise\/","title":{"rendered":"Expertise"},"content":{"rendered":"<\/div>\n<div class=\"container-fluid\">\n<div id=\"block-hero-block_0934d3dbd2abcfbd45a1dcc3859ce0f4\" class=\"row leftrightmediabloc align-items-center mediaright block-hero\">\n\t<div class=\"col-12 mediacontent col-lg-6 order-1 order-lg-2\">\n\t\t<img decoding=\"async\" src=\"https:\/\/www.cmf-groupe.com\/wp-content\/uploads\/CMF-35_OUEST-FRANCE-771x512.jpg\" alt=\"structure batiment bioclimatique\" class=\"img-fluid\">\t<\/div>\n\t<div class=\"col-12 textcontent col-lg-6 order-2 order-lg-1\">\n\t\t<h2>Innovations<\/h2>\n<p>We consider each project to be unique and combine all technical innovations to meet your architectural and climate goals.<\/p>\n\n\t\t\t<\/div>\n<\/div>\n        <\/div>\n<div class=\"container\">\n\n\n\n<\/div>\n<div class=\"container-fluid\">\n<div id=\"block-hero-block_1c28c8dc6192779732e8919016cdf7b0\" class=\"row leftrightmediabloc align-items-center medialeft block-hero\">\n\t<div class=\"col-12 mediacontent col-lg-6 order-1\">\n\t\t<img decoding=\"async\" src=\"https:\/\/www.cmf-groupe.com\/wp-content\/uploads\/CMF-serre-771x512.jpg\" alt=\"serre plastique horticole\" class=\"img-fluid\">\t<\/div>\n\t<div class=\"col-12 textcontent col-lg-6 order-2\">\n\t\t<h2>Research &amp; Development<\/h2>\n<p>A specialised engineering department, combining climate expertise and metal structure, enables us to develop more sustainable products and solutions.<\/p>\n<p>CMF was the first greenhouse manufacturer to develop structures using oval tubes.<\/p>\n<p>Another innovation consists of designing and manufacturing a range of aluminium profiles with thermal breaks for double glazing: Eco Klima.<\/p>\n<p>&nbsp;<\/p>\n\n\t\t\t<\/div>\n<\/div>\n        <\/div>\n<div class=\"container\">\n\n\n\n<\/div>\n<div id=\"block-hero-block_80f0accbc0063b08e456b8c55e719524\" class=\"galeriebloc block-hero\">\n    <div class=\"container\">\n                <div class=\"row\">\n            <div class=\"col-12\">\n        <div class=\"row blocitem justify-content-center\"><div class=\"col-12 col-lg-4\"><div class=\"p-1\"><a href=\"https:\/\/www.cmf-groupe.com\/wp-content\/uploads\/CMF-Lycee-HB-2-1024x683.jpg\" data-toggle=\"lightbox\" data-gallery=\"example-gallery\"><img decoding=\"async\" src=\"https:\/\/www.cmf-groupe.com\/wp-content\/uploads\/CMF-Lycee-HB-2-396x655.jpg\" alt=\"installation charpente m\u00e9talique pour un lyc\u00e9e\" \/><\/a><\/div><\/div><div class=\"col-12 col-lg-8\"><div class=\"row\"><div class=\"col-12\"><div class=\"p-1\"><a href=\"https:\/\/www.cmf-groupe.com\/wp-content\/uploads\/CMF-Lycee-HB-034-1024x683.jpg\" data-toggle=\"lightbox\" data-gallery=\"example-gallery\"><img decoding=\"async\" src=\"https:\/\/www.cmf-groupe.com\/wp-content\/uploads\/CMF-Lycee-HB-034-908x367.jpg\" alt=\"installation charpente metalique pour un lyc\u00e9e\" \/><\/a><\/div><\/div><\/div><div class=\"row\"><div class=\"col-12 col-lg-6\"><div class=\"p-1\"><a href=\"https:\/\/www.cmf-groupe.com\/wp-content\/uploads\/CMF-Atelier-1024x683.jpg\" data-toggle=\"lightbox\" data-gallery=\"example-gallery\"><img decoding=\"async\" src=\"https:\/\/www.cmf-groupe.com\/wp-content\/uploads\/CMF-Atelier-446x350.jpg\" alt=\"atelier cmf \" \/><\/a><\/div><\/div><div class=\"col-12 col-lg-6\"><div class=\"p-1\"><a href=\"https:\/\/www.cmf-groupe.com\/wp-content\/uploads\/CMF-Magasin_pieces-detachees-1024x679.jpg\" data-toggle=\"lightbox\" data-gallery=\"example-gallery\"><img decoding=\"async\" src=\"https:\/\/www.cmf-groupe.com\/wp-content\/uploads\/CMF-Magasin_pieces-detachees-446x350.jpg\" alt=\"pi\u00e8ces d\u00e9tach\u00e9es pour serres et batiments vitr\u00e9s CMF\" \/><\/a><\/div><\/div><\/div><\/div><\/div><div class=\"row blocitem justify-content-center\"><div class=\"col-12 col-lg-6\"><div class=\"p-1\"><a href=\"https:\/\/www.cmf-groupe.com\/wp-content\/uploads\/CMF-PLAINE-DES-PALMISTES_CHARGEMENT-1024x768.jpg\" data-toggle=\"lightbox\" data-gallery=\"example-gallery\"><img decoding=\"async\" src=\"https:\/\/www.cmf-groupe.com\/wp-content\/uploads\/CMF-PLAINE-DES-PALMISTES_CHARGEMENT-651x320.jpg\" alt=\"quai de chargement cmf \" \/><\/a><\/div><\/div><div class=\"col-12 col-lg-6\"><div class=\"p-1\"><a href=\"https:\/\/www.cmf-groupe.com\/wp-content\/uploads\/CMF-Charpente-1024x678.jpg\" data-toggle=\"lightbox\" data-gallery=\"example-gallery\"><img decoding=\"async\" src=\"https:\/\/www.cmf-groupe.com\/wp-content\/uploads\/CMF-Charpente-651x320.jpg\" alt=\"atelier cmf charpente\" \/><\/a><\/div><\/div><\/div><\/div>        <\/div>\n    <\/div>\n    <\/div>\n<\/div>\n<div class=\"container\">\n\n\n\n\n","protected":false},"excerpt":{"rendered":"","protected":false},"author":1,"featured_media":0,"parent":0,"menu_order":0,"comment_status":"closed","ping_status":"closed","template":"","meta":{"_acf_changed":false,"footnotes":""},"class_list":["post-2025","page","type-page","status-publish","hentry"],"acf":[],"_links":{"self":[{"href":"https:\/\/www.cmf-groupe.com\/en\/wp-json\/wp\/v2\/pages\/2025","targetHints":{"allow":["GET"]}}],"collection":[{"href":"https:\/\/www.cmf-groupe.com\/en\/wp-json\/wp\/v2\/pages"}],"about":[{"href":"https:\/\/www.cmf-groupe.com\/en\/wp-json\/wp\/v2\/types\/page"}],"author":[{"embeddable":true,"href":"https:\/\/www.cmf-groupe.com\/en\/wp-json\/wp\/v2\/users\/1"}],"replies":[{"embeddable":true,"href":"https:\/\/www.cmf-groupe.com\/en\/wp-json\/wp\/v2\/comments?post=2025"}],"version-history":[{"count":1,"href":"https:\/\/www.cmf-groupe.com\/en\/wp-json\/wp\/v2\/pages\/2025\/revisions"}],"predecessor-version":[{"id":2027,"href":"https:\/\/www.cmf-groupe.com\/en\/wp-json\/wp\/v2\/pages\/2025\/revisions\/2027"}],"wp:attachment":[{"href":"https:\/\/www.cmf-groupe.com\/en\/wp-json\/wp\/v2\/media?parent=2025"}],"curies":[{"name":"wp","href":"https:\/\/api.w.org\/{rel}","templated":true}]}}